{"id":1824,"date":"2023-07-09T07:57:23","date_gmt":"2023-07-09T06:57:23","guid":{"rendered":"https:\/\/brikkhub.com\/?page_id=1824"},"modified":"2023-08-14T07:25:07","modified_gmt":"2023-08-14T06:25:07","slug":"about-us","status":"publish","type":"page","link":"https:\/\/brikkhub.com\/sv\/om-oss\/","title":{"rendered":"Om oss"},"content":{"rendered":"<div data-elementor-type=\"wp-page\" data-elementor-id=\"1824\" class=\"elementor elementor-1824\" data-elementor-post-type=\"page\">\n\t\t\t\t\t\t<section class=\"elementor-section elementor-top-section elementor-element elementor-element-82639ba elementor-section-height-min-height elementor-section-boxed elementor-section-height-default elementor-section-items-middle\" data-id=\"82639ba\" data-element_type=\"section\" data-settings=\"{&quot;background_background&quot;:&quot;classic&quot;,&quot;_ha_eqh_enable&quot;:false}\">\n\t\t\t\t\t\t\t<div class=\"elementor-background-overlay\"><\/div>\n\t\t\t\t\t\t\t<div class=\"elementor-container elementor-column-gap-default\">\n\t\t\t\t\t<div class=\"elementor-column elementor-col-50 elementor-top-column elementor-element elementor-element-c4affdd\" data-id=\"c4affdd\" data-element_type=\"column\">\n\t\t\t<div class=\"elementor-widget-wrap elementor-element-populated\">\n\t\t\t\t\t\t<div class=\"elementor-element elementor-element-07bd3e8 elementor-widget elementor-widget-heading\" data-id=\"07bd3e8\" data-element_type=\"widget\" data-widget_type=\"heading.default\">\n\t\t\t\t<div class=\"elementor-widget-container\">\n\t\t\t<style>\/*! elementor - v3.20.0 - 26-03-2024 *\/\n.elementor-heading-title{padding:0;margin:0;line-height:1}.elementor-widget-heading .elementor-heading-title[class*=elementor-size-]>a{color:inherit;font-size:inherit;line-height:inherit}.elementor-widget-heading .elementor-heading-title.elementor-size-small{font-size:15px}.elementor-widget-heading .elementor-heading-title.elementor-size-medium{font-size:19px}.elementor-widget-heading .elementor-heading-title.elementor-size-large{font-size:29px}.elementor-widget-heading .elementor-heading-title.elementor-size-xl{font-size:39px}.elementor-widget-heading .elementor-heading-title.elementor-size-xxl{font-size:59px}<\/style><h1 class=\"elementor-heading-title elementor-size-default\">Om oss<\/h1>\t\t<\/div>\n\t\t\t\t<\/div>\n\t\t\t\t<div class=\"elementor-element elementor-element-2fc4f5d elementor-widget elementor-widget-text-editor\" data-id=\"2fc4f5d\" data-element_type=\"widget\" data-widget_type=\"text-editor.default\">\n\t\t\t\t<div class=\"elementor-widget-container\">\n\t\t\t<style>\/*! elementor - v3.20.0 - 26-03-2024 *\/\n.elementor-widget-text-editor.elementor-drop-cap-view-stacked .elementor-drop-cap{background-color:#69727d;color:#fff}.elementor-widget-text-editor.elementor-drop-cap-view-framed .elementor-drop-cap{color:#69727d;border:3px solid;background-color:transparent}.elementor-widget-text-editor:not(.elementor-drop-cap-view-default) .elementor-drop-cap{margin-top:8px}.elementor-widget-text-editor:not(.elementor-drop-cap-view-default) .elementor-drop-cap-letter{width:1em;height:1em}.elementor-widget-text-editor .elementor-drop-cap{float:left;text-align:center;line-height:1;font-size:50px}.elementor-widget-text-editor .elementor-drop-cap-letter{display:inline-block}<\/style>\t\t\t\t<p>BrikkHub.com \u00e4r en omfattande internationell fastighetswebbplats som erbjuder v\u00e4rdefulla resurser och information till k\u00f6pare och s\u00e4ljare \u00f6ver hela v\u00e4rlden.<\/p>\t\t\t\t\t\t<\/div>\n\t\t\t\t<\/div>\n\t\t\t\t\t<\/div>\n\t\t<\/div>\n\t\t\t\t<div class=\"elementor-column elementor-col-50 elementor-top-column elementor-element elementor-element-7baf70f\" data-id=\"7baf70f\" data-element_type=\"column\">\n\t\t\t<div class=\"elementor-widget-wrap\">\n\t\t\t\t\t\t\t<\/div>\n\t\t<\/div>\n\t\t\t\t\t<\/div>\n\t\t<\/section>\n\t\t\t\t<section class=\"elementor-section elementor-top-section elementor-element elementor-element-084b448 elementor-reverse-mobile elementor-section-boxed elementor-section-height-default elementor-section-height-default\" data-id=\"084b448\" data-element_type=\"section\" data-settings=\"{&quot;_ha_eqh_enable&quot;:false}\">\n\t\t\t\t\t\t<div class=\"elementor-container elementor-column-gap-default\">\n\t\t\t\t\t<div class=\"elementor-column elementor-col-50 elementor-top-column elementor-element elementor-element-e4fbb59\" data-id=\"e4fbb59\" data-element_type=\"column\">\n\t\t\t<div class=\"elementor-widget-wrap elementor-element-populated\">\n\t\t\t\t\t\t<section class=\"elementor-section elementor-inner-section elementor-element elementor-element-66b2169 elementor-section-boxed elementor-section-height-default elementor-section-height-default\" data-id=\"66b2169\" data-element_type=\"section\" data-settings=\"{&quot;_ha_eqh_enable&quot;:false}\">\n\t\t\t\t\t\t<div class=\"elementor-container elementor-column-gap-no\">\n\t\t\t\t\t<div class=\"elementor-column elementor-col-50 elementor-inner-column elementor-element elementor-element-e07a927\" data-id=\"e07a927\" data-element_type=\"column\">\n\t\t\t<div class=\"elementor-widget-wrap elementor-element-populated\">\n\t\t\t\t\t\t<div class=\"elementor-element elementor-element-3812397 elementor-widget elementor-widget-text-editor\" data-id=\"3812397\" data-element_type=\"widget\" data-widget_type=\"text-editor.default\">\n\t\t\t\t<div class=\"elementor-widget-container\">\n\t\t\t\t\t\t\t<p><strong>V\u00e5r vision och mission<\/strong> \u00e4r att s\u00e4kerst\u00e4lla transparens p\u00e5 fastighetsmarknaden och g\u00f6ra det enklare att k\u00f6pa och s\u00e4lja bost\u00e4der f\u00f6r privatpersoner \u00f6ver hela v\u00e4rlden. Vi str\u00e4var efter att tillhandah\u00e5lla v\u00e4rdefull information och resurser som ger k\u00f6pare och s\u00e4ljare m\u00f6jlighet att fatta v\u00e4lgrundade beslut. V\u00e5r plattform erbjuder guider, verktyg och tj\u00e4nster som fastighetsv\u00e4rdering, att hitta fastighetsm\u00e4klare, juridisk support och professionell husfotografering. Vi str\u00e4var efter att f\u00f6renkla fastighetsresan, fr\u00e4mja transparens och tillhandah\u00e5lla n\u00f6dv\u00e4ndig expertis och resurser f\u00f6r att navigera p\u00e5 marknaden framg\u00e5ngsrikt.<\/p><p><strong>H\u00e5llbarhet<\/strong> BrikkHub.com \u00e4r engagerad i h\u00e5llbarhet genom att begr\u00e4nsa anv\u00e4ndningen av resurser i fastighetsprocesser. Vi str\u00e4var efter att effektivisera och f\u00f6renkla k\u00f6p och f\u00f6rs\u00e4ljning av bost\u00e4der samtidigt som vi minimerar milj\u00f6p\u00e5verkan. Genom effektiv teknik och digitala l\u00f6sningar str\u00e4var vi efter att minska sl\u00f6seri och fr\u00e4mja h\u00e5llbara metoder inom fastighetsbranschen. Genom att anamma h\u00e5llbarhet bidrar vi till en gr\u00f6nare framtid och s\u00e4kerst\u00e4ller ett mer ansvarsfullt f\u00f6rh\u00e5llningss\u00e4tt till fastighetstransaktioner.<\/p><p><strong>Genomskinlighet.<\/strong> P\u00e5 BrikkHub.com \u00e4r vi engagerade i transparens p\u00e5 fastighetsmarknaden. Vi str\u00e4var efter att g\u00f6ra k\u00f6p- och s\u00e4ljprocessen enklare f\u00f6r bostadsk\u00f6pare och s\u00e4ljare genom att tillhandah\u00e5lla korrekt och fullst\u00e4ndig information. Genom att fr\u00e4mja transparens str\u00e4var vi efter att bygga f\u00f6rtroende, minska risker och \u00f6ka tillfredsst\u00e4llelsen i fastighetstransaktioner.<\/p>\t\t\t\t\t\t<\/div>\n\t\t\t\t<\/div>\n\t\t\t\t\t<\/div>\n\t\t<\/div>\n\t\t\t\t<div class=\"elementor-column elementor-col-50 elementor-inner-column elementor-element elementor-element-0416f9b\" data-id=\"0416f9b\" data-element_type=\"column\">\n\t\t\t<div class=\"elementor-widget-wrap\">\n\t\t\t\t\t\t\t<\/div>\n\t\t<\/div>\n\t\t\t\t\t<\/div>\n\t\t<\/section>\n\t\t\t\t\t<\/div>\n\t\t<\/div>\n\t\t\t\t<div class=\"elementor-column elementor-col-50 elementor-top-column elementor-element elementor-element-93861e3\" data-id=\"93861e3\" data-element_type=\"column\">\n\t\t\t<div class=\"elementor-widget-wrap elementor-element-populated\">\n\t\t\t\t\t\t<div class=\"elementor-element elementor-element-0f25d74 elementor-widget elementor-widget-image\" data-id=\"0f25d74\" data-element_type=\"widget\" data-widget_type=\"image.default\">\n\t\t\t\t<div class=\"elementor-widget-container\">\n\t\t\t<style>\/*! elementor - v3.20.0 - 26-03-2024 *\/\n.elementor-widget-image{text-align:center}.elementor-widget-image a{display:inline-block}.elementor-widget-image a img[src$=\".svg\"]{width:48px}.elementor-widget-image img{vertical-align:middle;display:inline-block}<\/style>\t\t\t\t\t\t\t\t\t\t<img fetchpriority=\"high\" decoding=\"async\" width=\"768\" height=\"666\" src=\"https:\/\/brikkhub.com\/wp-content\/uploads\/2023\/06\/Image-2-1-768x666-3.png\" class=\"attachment-large size-large wp-image-1094\" alt=\"Picture\" srcset=\"https:\/\/brikkhub.com\/wp-content\/uploads\/2023\/06\/Image-2-1-768x666-3.png 768w, https:\/\/brikkhub.com\/wp-content\/uploads\/2023\/06\/Image-2-1-768x666-3-300x260.png 300w, https:\/\/brikkhub.com\/wp-content\/uploads\/2023\/06\/Image-2-1-768x666-3-14x12.png 14w\" sizes=\"(max-width: 768px) 100vw, 768px\" \/>\t\t\t\t\t\t\t\t\t\t\t\t\t<\/div>\n\t\t\t\t<\/div>\n\t\t\t\t\t<\/div>\n\t\t<\/div>\n\t\t\t\t\t<\/div>\n\t\t<\/section>\n\t\t\t\t<\/div>","protected":false},"excerpt":{"rendered":"<p>About Us BrikkHub.com is a comprehensive international real estate website offering valuable resources and information to buyers and sellers worldwide. Our vision and mission are to ensure transparency in the real estate market and make buying and selling homes easier for individuals worldwide. We strive to provide valuable information and resources that empower buyers and [&hellip;]<\/p>","protected":false},"author":2,"featured_media":0,"parent":0,"menu_order":0,"comment_status":"closed","ping_status":"closed","template":"elementor_header_footer","meta":{"footnotes":""},"yoast_head":"<!-- This site is optimized with the Yoast SEO plugin v20.13 - https:\/\/yoast.com\/wordpress\/plugins\/seo\/ -->\n<title>About Us - BRIKKhub<\/title>\n<meta name=\"robots\" content=\"index, follow, max-snippet:-1, max-image-preview:large, max-video-preview:-1\" \/>\n<link rel=\"canonical\" href=\"https:\/\/brikkhub.com\/sv\/om-oss\/\" \/>\n<meta property=\"og:locale\" content=\"sv_SE\" \/>\n<meta property=\"og:type\" content=\"article\" \/>\n<meta property=\"og:title\" content=\"About Us - BRIKKhub\" \/>\n<meta property=\"og:description\" content=\"About Us BrikkHub.com is a comprehensive international real estate website offering valuable resources and information to buyers and sellers worldwide. Our vision and mission are to ensure transparency in the real estate market and make buying and selling homes easier for individuals worldwide. We strive to provide valuable information and resources that empower buyers and [&hellip;]\" \/>\n<meta property=\"og:url\" content=\"https:\/\/brikkhub.com\/sv\/om-oss\/\" \/>\n<meta property=\"og:site_name\" content=\"BRIKKhub\" \/>\n<meta property=\"article:modified_time\" content=\"2023-08-14T06:25:07+00:00\" \/>\n<meta property=\"og:image\" content=\"http:\/\/brikkhub.com\/wp-content\/uploads\/2023\/06\/Image-2-1-768x666-3.png\" \/>\n<meta name=\"twitter:card\" content=\"summary_large_image\" \/>\n<meta name=\"twitter:label1\" content=\"Ber\u00e4knad l\u00e4stid\" \/>\n\t<meta name=\"twitter:data1\" content=\"2 minuter\" \/>\n<script type=\"application\/ld+json\" class=\"yoast-schema-graph\">{\"@context\":\"https:\/\/schema.org\",\"@graph\":[{\"@type\":\"WebPage\",\"@id\":\"https:\/\/brikkhub.com\/about-us\/\",\"url\":\"https:\/\/brikkhub.com\/about-us\/\",\"name\":\"About Us - BRIKKhub\",\"isPartOf\":{\"@id\":\"https:\/\/brikkhub.com\/#website\"},\"datePublished\":\"2023-07-09T06:57:23+00:00\",\"dateModified\":\"2023-08-14T06:25:07+00:00\",\"breadcrumb\":{\"@id\":\"https:\/\/brikkhub.com\/about-us\/#breadcrumb\"},\"inLanguage\":\"sv-SE\",\"potentialAction\":[{\"@type\":\"ReadAction\",\"target\":[\"https:\/\/brikkhub.com\/about-us\/\"]}]},{\"@type\":\"BreadcrumbList\",\"@id\":\"https:\/\/brikkhub.com\/about-us\/#breadcrumb\",\"itemListElement\":[{\"@type\":\"ListItem\",\"position\":1,\"name\":\"Home\",\"item\":\"https:\/\/brikkhub.com\/\"},{\"@type\":\"ListItem\",\"position\":2,\"name\":\"About Us\"}]},{\"@type\":\"WebSite\",\"@id\":\"https:\/\/brikkhub.com\/#website\",\"url\":\"https:\/\/brikkhub.com\/\",\"name\":\"BRIKKhub\",\"description\":\"\",\"publisher\":{\"@id\":\"https:\/\/brikkhub.com\/#organization\"},\"potentialAction\":[{\"@type\":\"SearchAction\",\"target\":{\"@type\":\"EntryPoint\",\"urlTemplate\":\"https:\/\/brikkhub.com\/?s={search_term_string}\"},\"query-input\":\"required name=search_term_string\"}],\"inLanguage\":\"sv-SE\"},{\"@type\":\"Organization\",\"@id\":\"https:\/\/brikkhub.com\/#organization\",\"name\":\"BRIKKhub\",\"url\":\"https:\/\/brikkhub.com\/\",\"logo\":{\"@type\":\"ImageObject\",\"inLanguage\":\"sv-SE\",\"@id\":\"https:\/\/brikkhub.com\/#\/schema\/logo\/image\/\",\"url\":\"https:\/\/brikkhub.com\/wp-content\/uploads\/2023\/05\/Frame-2.png\",\"contentUrl\":\"https:\/\/brikkhub.com\/wp-content\/uploads\/2023\/05\/Frame-2.png\",\"width\":366,\"height\":36,\"caption\":\"BRIKKhub\"},\"image\":{\"@id\":\"https:\/\/brikkhub.com\/#\/schema\/logo\/image\/\"}}]}<\/script>\n<!-- \/ Yoast SEO plugin. -->","yoast_head_json":{"title":"About Us - BRIKKhub","robots":{"index":"index","follow":"follow","max-snippet":"max-snippet:-1","max-image-preview":"max-image-preview:large","max-video-preview":"max-video-preview:-1"},"canonical":"https:\/\/brikkhub.com\/sv\/om-oss\/","og_locale":"sv_SE","og_type":"article","og_title":"About Us - BRIKKhub","og_description":"About Us BrikkHub.com is a comprehensive international real estate website offering valuable resources and information to buyers and sellers worldwide. Our vision and mission are to ensure transparency in the real estate market and make buying and selling homes easier for individuals worldwide. We strive to provide valuable information and resources that empower buyers and [&hellip;]","og_url":"https:\/\/brikkhub.com\/sv\/om-oss\/","og_site_name":"BRIKKhub","article_modified_time":"2023-08-14T06:25:07+00:00","og_image":[{"url":"http:\/\/brikkhub.com\/wp-content\/uploads\/2023\/06\/Image-2-1-768x666-3.png"}],"twitter_card":"summary_large_image","twitter_misc":{"Ber\u00e4knad l\u00e4stid":"2 minuter"},"schema":{"@context":"https:\/\/schema.org","@graph":[{"@type":"WebPage","@id":"https:\/\/brikkhub.com\/about-us\/","url":"https:\/\/brikkhub.com\/about-us\/","name":"About Us - BRIKKhub","isPartOf":{"@id":"https:\/\/brikkhub.com\/#website"},"datePublished":"2023-07-09T06:57:23+00:00","dateModified":"2023-08-14T06:25:07+00:00","breadcrumb":{"@id":"https:\/\/brikkhub.com\/about-us\/#breadcrumb"},"inLanguage":"sv-SE","potentialAction":[{"@type":"ReadAction","target":["https:\/\/brikkhub.com\/about-us\/"]}]},{"@type":"BreadcrumbList","@id":"https:\/\/brikkhub.com\/about-us\/#breadcrumb","itemListElement":[{"@type":"ListItem","position":1,"name":"Home","item":"https:\/\/brikkhub.com\/"},{"@type":"ListItem","position":2,"name":"About Us"}]},{"@type":"WebSite","@id":"https:\/\/brikkhub.com\/#website","url":"https:\/\/brikkhub.com\/","name":"BRIKKhub","description":"","publisher":{"@id":"https:\/\/brikkhub.com\/#organization"},"potentialAction":[{"@type":"SearchAction","target":{"@type":"EntryPoint","urlTemplate":"https:\/\/brikkhub.com\/?s={search_term_string}"},"query-input":"required name=search_term_string"}],"inLanguage":"sv-SE"},{"@type":"Organization","@id":"https:\/\/brikkhub.com\/#organization","name":"BRIKKhub","url":"https:\/\/brikkhub.com\/","logo":{"@type":"ImageObject","inLanguage":"sv-SE","@id":"https:\/\/brikkhub.com\/#\/schema\/logo\/image\/","url":"https:\/\/brikkhub.com\/wp-content\/uploads\/2023\/05\/Frame-2.png","contentUrl":"https:\/\/brikkhub.com\/wp-content\/uploads\/2023\/05\/Frame-2.png","width":366,"height":36,"caption":"BRIKKhub"},"image":{"@id":"https:\/\/brikkhub.com\/#\/schema\/logo\/image\/"}}]}},"_links":{"self":[{"href":"https:\/\/brikkhub.com\/sv\/wp-json\/wp\/v2\/pages\/1824"}],"collection":[{"href":"https:\/\/brikkhub.com\/sv\/wp-json\/wp\/v2\/pages"}],"about":[{"href":"https:\/\/brikkhub.com\/sv\/wp-json\/wp\/v2\/types\/page"}],"author":[{"embeddable":true,"href":"https:\/\/brikkhub.com\/sv\/wp-json\/wp\/v2\/users\/2"}],"replies":[{"embeddable":true,"href":"https:\/\/brikkhub.com\/sv\/wp-json\/wp\/v2\/comments?post=1824"}],"version-history":[{"count":16,"href":"https:\/\/brikkhub.com\/sv\/wp-json\/wp\/v2\/pages\/1824\/revisions"}],"predecessor-version":[{"id":2655,"href":"https:\/\/brikkhub.com\/sv\/wp-json\/wp\/v2\/pages\/1824\/revisions\/2655"}],"wp:attachment":[{"href":"https:\/\/brikkhub.com\/sv\/wp-json\/wp\/v2\/media?parent=1824"}],"curies":[{"name":"wp","href":"https:\/\/api.w.org\/{rel}","templated":true}]}}